{"id":2454,"date":"2026-03-24T00:40:39","date_gmt":"2026-03-24T00:40:39","guid":{"rendered":"https:\/\/gestionbiomedica.info\/?page_id=2454"},"modified":"2026-04-10T14:48:36","modified_gmt":"2026-04-10T14:48:36","slug":"sede-riohacha-ips-vital-salud","status":"publish","type":"page","link":"https:\/\/gestionbiomedica.info\/?page_id=2454","title":{"rendered":"Sede Riohacha &#8211; IPS Vital Salud"},"content":{"rendered":"<p>[et_pb_section fb_built=\u00bb1&#8243; admin_label=\u00bbHero\u00bb _builder_version=\u00bb4.16&#8243; custom_padding=\u00bb0|0px|0px|0px|false|false\u00bb bottom_divider_height=\u00bb0px\u00bb border_width_bottom=\u00bb1px\u00bb border_color_bottom=\u00bb#efefef\u00bb global_colors_info=\u00bb{}\u00bb][et_pb_row column_structure=\u00bb1_2,1_2&#8243; _builder_version=\u00bb4.16&#8243; width=\u00bb100%\u00bb max_width=\u00bb100%\u00bb custom_margin=\u00bb|auto|-24px|auto||\u00bb custom_margin_tablet=\u00bb||0px|\u00bb custom_margin_phone=\u00bb\u00bb custom_margin_last_edited=\u00bbon|desktop\u00bb custom_padding=\u00bb0|0px|0px|0px|false|false\u00bb use_custom_width=\u00bbon\u00bb width_unit=\u00bboff\u00bb custom_width_percent=\u00bb100%\u00bb global_colors_info=\u00bb{}\u00bb][et_pb_column type=\u00bb1_2&#8243; _builder_version=\u00bb4.16&#8243; custom_padding=\u00bb6%||6%|12%\u00bb custom_padding_tablet=\u00bb50px|50px|50px|50px\u00bb custom_padding_phone=\u00bb50px|50px|50px|50px\u00bb custom_padding_last_edited=\u00bbon|tablet\u00bb global_colors_info=\u00bb{}\u00bb padding_tablet=\u00bb50px|50px|50px|50px\u00bb padding_last_edited=\u00bbon|tablet\u00bb custom_padding__hover=\u00bb|||\u00bb padding_phone=\u00bb50px|50px|50px|50px\u00bb][et_pb_image src=\u00bbhttp:\/\/gestionbiomedica.info\/wp-content\/uploads\/2024\/01\/health-icon-16-3.png\u00bb align_tablet=\u00bbcenter\u00bb align_phone=\u00bbcenter\u00bb align_last_edited=\u00bbon|desktop\u00bb _builder_version=\u00bb4.16&#8243; custom_margin=\u00bb-51px|||||\u00bb global_colors_info=\u00bb{}\u00bb][\/et_pb_image][et_pb_text _builder_version=\u00bb4.25.0&#8243; text_font=\u00bbMontserrat|700|||||||\u00bb text_text_color=\u00bb#677a92&#8243; text_font_size=\u00bb20px\u00bb text_line_height=\u00bb1.8em\u00bb header_font=\u00bbMontserrat||||||||\u00bb header_font_size=\u00bb50px\u00bb header_line_height=\u00bb1.3em\u00bb header_2_font=\u00bb||||||||\u00bb max_width=\u00bb600px\u00bb custom_margin=\u00bb|||\u00bb custom_margin_tablet=\u00bb0px|50px||50px\u00bb custom_margin_phone=\u00bb|20px||\u00bb custom_margin_last_edited=\u00bboff|desktop\u00bb custom_padding=\u00bb|||\u00bb text_line_height_tablet=\u00bb1.8em\u00bb text_line_height_phone=\u00bb1.8em\u00bb text_line_height_last_edited=\u00bbon|phone\u00bb header_font_size_tablet=\u00bb\u00bb header_font_size_phone=\u00bb36px\u00bb header_font_size_last_edited=\u00bbon|phone\u00bb header_2_font_size_phone=\u00bb30px\u00bb header_2_font_size_last_edited=\u00bboff|desktop\u00bb locked=\u00bboff\u00bb global_colors_info=\u00bb{}\u00bb]<\/p>\n<h1>Calibraci\u00f3n Biom\u00e9dica<\/h1>\n<p>[\/et_pb_text][\/et_pb_column][et_pb_column type=\u00bb1_2&#8243; _builder_version=\u00bb4.16&#8243; custom_padding=\u00bb|||\u00bb global_colors_info=\u00bb{}\u00bb custom_padding__hover=\u00bb|||\u00bb][et_pb_image src=\u00bbhttp:\/\/gestionbiomedica.info\/wp-content\/uploads\/2024\/05\/BIO-CAL-S.A.S.jpeg\u00bb title_text=\u00bbBIO-CAL S.A.S\u00bb align=\u00bbcenter\u00bb force_fullwidth=\u00bbon\u00bb align_tablet=\u00bbcenter\u00bb align_phone=\u00bbcenter\u00bb align_last_edited=\u00bbon|desktop\u00bb _builder_version=\u00bb4.25.0&#8243; min_height=\u00bb338px\u00bb height=\u00bb432px\u00bb max_height=\u00bb680px\u00bb custom_margin=\u00bb|||\u00bb custom_padding=\u00bb||17px|||\u00bb animation_style=\u00bbslide\u00bb animation_direction=\u00bbright\u00bb animation_intensity_slide=\u00bb5%\u00bb border_radii=\u00bb||||30vw\u00bb border_color_all=\u00bb#0ee1f4&#8243; border_width_left=\u00bb2vw\u00bb border_color_left=\u00bb#37dfff\u00bb box_shadow_style=\u00bbpreset4&#8243; box_shadow_horizontal=\u00bb-30px\u00bb box_shadow_vertical=\u00bb0px\u00bb box_shadow_color=\u00bbrgba(14,225,244,0.33)\u00bb global_colors_info=\u00bb{}\u00bb][\/et_pb_image][\/et_pb_column][\/et_pb_row][\/et_pb_section][et_pb_section fb_built=\u00bb1&#8243; _builder_version=\u00bb4.25.0&#8243; background_enable_image=\u00bboff\u00bb custom_margin=\u00bb3px|||||\u00bb custom_padding=\u00bb18px|0px|0px|0px|false|false\u00bb locked=\u00bboff\u00bb global_colors_info=\u00bb{}\u00bb][et_pb_row _builder_version=\u00bb4.20.4&#8243; _module_preset=\u00bbdefault\u00bb global_colors_info=\u00bb{}\u00bb][et_pb_column type=\u00bb4_4&#8243; _builder_version=\u00bb4.20.4&#8243; _module_preset=\u00bbdefault\u00bb global_colors_info=\u00bb{}\u00bb][et_pb_text _builder_version=\u00bb4.25.0&#8243; _module_preset=\u00bbdefault\u00bb text_font=\u00bbMontserrat|800|||||||\u00bb text_font_size=\u00bb30px\u00bb global_colors_info=\u00bb{}\u00bb]<\/p>\n<p style=\"text-align: center;\"><strong>RIOHACHA<\/strong><\/p>\n<p>[\/et_pb_text][\/et_pb_column][\/et_pb_row][et_pb_row column_structure=\u00bb1_3,1_3,1_3&#8243; _builder_version=\u00bb4.25.0&#8243; _module_preset=\u00bbdefault\u00bb global_colors_info=\u00bb{}\u00bb][et_pb_column type=\u00bb1_3&#8243; _builder_version=\u00bb4.25.0&#8243; _module_preset=\u00bbdefault\u00bb global_colors_info=\u00bb{}\u00bb][et_pb_text _builder_version=\u00bb4.25.0&#8243; _module_preset=\u00bbdefault\u00bb text_font=\u00bbMontserrat|800|||||||\u00bb text_font_size=\u00bb27px\u00bb text_line_height=\u00bb1.1em\u00bb global_colors_info=\u00bb{}\u00bb]<\/p>\n<p style=\"text-align: center;\"><strong>REANIMACI\u00d3N<\/strong><\/p>\n<p>[\/et_pb_text][et_pb_accordion icon_color=\u00bb#0C71C3&#8243; _builder_version=\u00bb4.25.0&#8243; _module_preset=\u00bbdefault\u00bb toggle_font=\u00bbMontserrat|600|||||||\u00bb toggle_font_size=\u00bb13px\u00bb closed_toggle_font=\u00bbMontserrat|300|||||||\u00bb closed_toggle_font_size=\u00bb12px\u00bb body_font=\u00bbMontserrat|300|||||||\u00bb body_font_size=\u00bb12px\u00bb body_line_height=\u00bb1.4em\u00bb border_radii=\u00bbon|6px|6px|6px|6px\u00bb box_shadow_style=\u00bbpreset1&#8243; global_colors_info=\u00bb{}\u00bb][et_pb_accordion_item title=\u00bbB\u00e1scula piso digital\u00bb open=\u00bbon\u00bb _builder_version=\u00bb4.25.0&#8243; _module_preset=\u00bbdefault\u00bb global_colors_info=\u00bb{}\u00bb]<\/p>\n<p><a href=\"https:\/\/drive.google.com\/file\/d\/1BZHqkPrbFTx98cRKT9BjshQnLxk0Yzvc\/view?usp=drive_link\">Certificado de calibraci\u00f3n<\/a><\/p>\n<p>[\/et_pb_accordion_item][et_pb_accordion_item title=\u00bbBomba de infusi\u00f3n\u00bb _builder_version=\u00bb4.25.0&#8243; _module_preset=\u00bbdefault\u00bb global_colors_info=\u00bb{}\u00bb open=\u00bboff\u00bb]<\/p>\n<p><a href=\"https:\/\/drive.google.com\/file\/d\/1MGzbO7C0e-Q08ppbeqfLi6fMbyyMn_YL\/view?usp=drive_link\" target=\"_blank\" rel=\"noopener\">Certificado de calibraci\u00f3n<\/a><\/p>\n<p>[\/et_pb_accordion_item][et_pb_accordion_item title=\u00bbSuccionador\u00bb _builder_version=\u00bb4.25.0&#8243; _module_preset=\u00bbdefault\u00bb global_colors_info=\u00bb{}\u00bb open=\u00bboff\u00bb]<\/p>\n<p><a href=\"https:\/\/drive.google.com\/file\/d\/1VjFNGV8Uj4d2OJm9RKmpmAW-Civj_b-4\/view?usp=drive_link\" target=\"_blank\" rel=\"noopener\">Certificado de calibraci\u00f3n<\/a><\/p>\n<p>[\/et_pb_accordion_item][et_pb_accordion_item title=\u00bbDesfibrilador\u00bb _builder_version=\u00bb4.25.0&#8243; _module_preset=\u00bbdefault\u00bb global_colors_info=\u00bb{}\u00bb open=\u00bboff\u00bb]<\/p>\n<p><a href=\"https:\/\/drive.google.com\/file\/d\/10dD4ZH8ZCSvQ0GE2VpgISrYGxBwchs_j\/view?usp=drive_link\" target=\"_blank\" rel=\"noopener\">Certificado de calibraci\u00f3n<\/a><\/p>\n<p>[\/et_pb_accordion_item][et_pb_accordion_item title=\u00bbMonitor de signos\u00bb _builder_version=\u00bb4.25.0&#8243; _module_preset=\u00bbdefault\u00bb global_colors_info=\u00bb{}\u00bb open=\u00bboff\u00bb]<\/p>\n<p><a href=\"https:\/\/drive.google.com\/file\/d\/1y1q2UvD5IqG0VMeM9ZOYup88Ud2qTjDv\/view?usp=drive_link\" target=\"_blank\" rel=\"noopener\">Certificado de calibraci\u00f3n<\/a><\/p>\n<p>[\/et_pb_accordion_item][et_pb_accordion_item title=\u00bbPulsox\u00edmetro\u00bb _builder_version=\u00bb4.25.0&#8243; _module_preset=\u00bbdefault\u00bb global_colors_info=\u00bb{}\u00bb open=\u00bboff\u00bb]<\/p>\n<p><a href=\"https:\/\/drive.google.com\/file\/d\/1Obf-fKNGq_UmgCOrb5vFpa-g-dPA4H0R\/view?usp=drive_link\" target=\"_blank\" rel=\"noopener\">Certificado de calibraci\u00f3n<\/a><\/p>\n<p>[\/et_pb_accordion_item][et_pb_accordion_item title=\u00bbTermohigr\u00f3metro\u00bb _builder_version=\u00bb4.25.0&#8243; _module_preset=\u00bbdefault\u00bb global_colors_info=\u00bb{}\u00bb open=\u00bboff\u00bb]<\/p>\n<p><a href=\"https:\/\/drive.google.com\/file\/d\/1SMNpbSma8zJPotM94Yhb8EcyD3W8eeer\/view?usp=drive_link\" target=\"_blank\" rel=\"noopener\">Certificado de calibraci\u00f3n<\/a><\/p>\n<p>[\/et_pb_accordion_item][\/et_pb_accordion][\/et_pb_column][et_pb_column type=\u00bb1_3&#8243; _builder_version=\u00bb4.25.0&#8243; _module_preset=\u00bbdefault\u00bb global_colors_info=\u00bb{}\u00bb][et_pb_text _builder_version=\u00bb4.25.0&#8243; _module_preset=\u00bbdefault\u00bb text_font=\u00bbMontserrat|800|||||||\u00bb text_font_size=\u00bb27px\u00bb text_line_height=\u00bb1.1em\u00bb global_colors_info=\u00bb{}\u00bb]<\/p>\n<p style=\"text-align: center;\"><strong>PSIQUIATR\u00cdA<\/strong><\/p>\n<p>[\/et_pb_text][et_pb_accordion icon_color=\u00bb#0C71C3&#8243; _builder_version=\u00bb4.25.0&#8243; _module_preset=\u00bbdefault\u00bb toggle_font=\u00bbMontserrat|600|||||||\u00bb toggle_font_size=\u00bb13px\u00bb closed_toggle_font=\u00bbMontserrat|300|||||||\u00bb closed_toggle_font_size=\u00bb12px\u00bb body_font=\u00bbMontserrat|300|||||||\u00bb body_font_size=\u00bb12px\u00bb body_line_height=\u00bb1.4em\u00bb hover_enabled=\u00bb0&#8243; border_radii=\u00bbon|6px|6px|6px|6px\u00bb box_shadow_style=\u00bbpreset1&#8243; global_colors_info=\u00bb{}\u00bb sticky_enabled=\u00bb0&#8243;][et_pb_accordion_item title=\u00bbB\u00e1scula piso digital\u00bb open=\u00bbon\u00bb _builder_version=\u00bb4.25.0&#8243; _module_preset=\u00bbdefault\u00bb global_colors_info=\u00bb{}\u00bb]<\/p>\n<p><a href=\"https:\/\/drive.google.com\/file\/d\/174d39W18UEcSuXXtjXme83QIPBedvdda\/view?usp=drive_link\" target=\"_blank\" rel=\"noopener\">Certificado de calibraci\u00f3n<\/a><\/p>\n<p>[\/et_pb_accordion_item][et_pb_accordion_item title=\u00bbTensi\u00f3metro adulto an\u00e1logo\u00bb _builder_version=\u00bb4.25.0&#8243; _module_preset=\u00bbdefault\u00bb global_colors_info=\u00bb{}\u00bb open=\u00bboff\u00bb]<\/p>\n<p><a href=\"https:\/\/drive.google.com\/file\/d\/1TIJGBzwQosvej1P3moOCwzz3UApV-CAh\/view?usp=drive_link\" target=\"_blank\" rel=\"noopener\">Certificado de calibraci\u00f3n<\/a><\/p>\n<p>[\/et_pb_accordion_item][et_pb_accordion_item title=\u00bbPulsox\u00edmetro\u00bb _builder_version=\u00bb4.25.0&#8243; _module_preset=\u00bbdefault\u00bb global_colors_info=\u00bb{}\u00bb open=\u00bboff\u00bb]<\/p>\n<p><a href=\"https:\/\/drive.google.com\/file\/d\/15BmprWIx51xBTEjBjNwrD-Ok7N3ILCN7\/view?usp=drive_link\" target=\"_blank\" rel=\"noopener\">Certificado de calibraci\u00f3n<\/a><\/p>\n<p>[\/et_pb_accordion_item][et_pb_accordion_item title=\u00bbTensi\u00f3metro adulto an\u00e1logo\u00bb _builder_version=\u00bb4.25.0&#8243; _module_preset=\u00bbdefault\u00bb hover_enabled=\u00bb0&#8243; global_colors_info=\u00bb{}\u00bb open=\u00bboff\u00bb sticky_enabled=\u00bb0&#8243;]<\/p>\n<p><a href=\"https:\/\/drive.google.com\/file\/d\/1XtvFBP1GcgcLHWjSatc8cSMlKH_SfwpB\/view?usp=drive_link\" target=\"_blank\" rel=\"noopener\">Certificado de calibraci\u00f3n<\/a><\/p>\n<p>[\/et_pb_accordion_item][\/et_pb_accordion][\/et_pb_column][et_pb_column type=\u00bb1_3&#8243; _builder_version=\u00bb4.25.0&#8243; _module_preset=\u00bbdefault\u00bb global_colors_info=\u00bb{}\u00bb][et_pb_text _builder_version=\u00bb4.25.0&#8243; _module_preset=\u00bbdefault\u00bb text_font=\u00bbMontserrat|800|||||||\u00bb text_font_size=\u00bb27px\u00bb text_line_height=\u00bb1.1em\u00bb global_colors_info=\u00bb{}\u00bb]<\/p>\n<p style=\"text-align: center;\"><strong>FARMACIA<\/strong><\/p>\n<p>[\/et_pb_text][et_pb_accordion icon_color=\u00bb#0C71C3&#8243; _builder_version=\u00bb4.25.0&#8243; _module_preset=\u00bbdefault\u00bb toggle_font=\u00bbMontserrat|600|||||||\u00bb toggle_font_size=\u00bb13px\u00bb closed_toggle_font=\u00bbMontserrat|300|||||||\u00bb closed_toggle_font_size=\u00bb12px\u00bb body_font=\u00bbMontserrat|300|||||||\u00bb body_font_size=\u00bb12px\u00bb body_line_height=\u00bb1.4em\u00bb border_radii=\u00bbon|6px|6px|6px|6px\u00bb box_shadow_style=\u00bbpreset1&#8243; global_colors_info=\u00bb{}\u00bb][et_pb_accordion_item title=\u00bbTermohigr\u00f3metro\u00bb open=\u00bbon\u00bb _builder_version=\u00bb4.25.0&#8243; _module_preset=\u00bbdefault\u00bb global_colors_info=\u00bb{}\u00bb]<\/p>\n<p><a href=\"https:\/\/drive.google.com\/file\/d\/1HfgkH8IsJBNY38FIO5YtRm-JFNyNHx8s\/view?usp=drive_link\" target=\"_blank\" rel=\"noopener\">Certificado de calibraci\u00f3n<\/a><\/p>\n<p>[\/et_pb_accordion_item][\/et_pb_accordion][\/et_pb_column][\/et_pb_row][\/et_pb_section][et_pb_section fb_built=\u00bb1&#8243; admin_label=\u00bbCall to Action\u00bb _builder_version=\u00bb4.16&#8243; background_color=\u00bb#2f8cff\u00bb custom_padding=\u00bb53px||1px||false|false\u00bb locked=\u00bboff\u00bb global_colors_info=\u00bb{}\u00bb][et_pb_row admin_label=\u00bbContent Area\u00bb _builder_version=\u00bb4.16&#8243; global_colors_info=\u00bb{}\u00bb][et_pb_column type=\u00bb4_4&#8243; _builder_version=\u00bb4.16&#8243; custom_padding=\u00bb|||\u00bb global_colors_info=\u00bb{}\u00bb custom_padding__hover=\u00bb|||\u00bb][et_pb_image src=\u00bbhttp:\/\/gestionbiomedica.info\/wp-content\/uploads\/2024\/05\/BIO-CAL-S.A.S.jpeg\u00bb title_text=\u00bbBIO-CAL S.A.S\u00bb align=\u00bbcenter\u00bb align_tablet=\u00bbcenter\u00bb align_phone=\u00bbcenter\u00bb align_last_edited=\u00bbon|desktop\u00bb _builder_version=\u00bb4.25.0&#8243; width=\u00bb16%\u00bb max_width=\u00bb41%\u00bb custom_margin=\u00bb-61px|||||\u00bb box_shadow_style=\u00bbpreset2&#8243; global_colors_info=\u00bb{}\u00bb][\/et_pb_image][et_pb_text _builder_version=\u00bb4.25.0&#8243; text_font=\u00bbMontserrat|800|||||||\u00bb text_font_size=\u00bb36px\u00bb text_line_height=\u00bb1em\u00bb header_font=\u00bb||||||||\u00bb header_font_size=\u00bb35px\u00bb header_2_font=\u00bbMontserrat|300|||||||\u00bb header_2_text_align=\u00bbcenter\u00bb header_2_font_size=\u00bb50px\u00bb header_2_line_height=\u00bb1.4em\u00bb text_orientation=\u00bbcenter\u00bb background_layout=\u00bbdark\u00bb custom_padding=\u00bb||0px|||\u00bb header_2_font_size_tablet=\u00bb\u00bb header_2_font_size_phone=\u00bb30px\u00bb header_2_font_size_last_edited=\u00bbon|phone\u00bb header_2_line_height_tablet=\u00bb1.4em\u00bb header_2_line_height_phone=\u00bb\u00bb header_2_line_height_last_edited=\u00bbon|desktop\u00bb global_colors_info=\u00bb{}\u00bb]<\/p>\n<p><strong>BIO-CAL S.A.S<\/strong><strong><\/strong><\/p>\n<h4>Calibraci\u00f3n biom\u00e9dica e ingenier\u00eda<\/h4>\n<p>[\/et_pb_text][\/et_pb_column][\/et_pb_row][et_pb_row column_structure=\u00bb1_3,1_3,1_3&#8243; admin_label=\u00bbContent Area\u00bb _builder_version=\u00bb4.16&#8243; global_colors_info=\u00bb{}\u00bb][et_pb_column type=\u00bb1_3&#8243; _builder_version=\u00bb4.16&#8243; custom_padding=\u00bb|||\u00bb global_colors_info=\u00bb{}\u00bb custom_padding__hover=\u00bb|||\u00bb][et_pb_blurb title=\u00bb(301) 456 8346&#8243; use_icon=\u00bbon\u00bb font_icon=\u00bb&#xe090;||divi||400&#8243; icon_color=\u00bb#2f8cff\u00bb image_icon_background_color=\u00bb#ffffff\u00bb icon_placement=\u00bbleft\u00bb image_icon_width=\u00bb16px\u00bb _builder_version=\u00bb4.20.4&#8243; header_font=\u00bbMontserrat||||||||\u00bb header_text_color=\u00bb#ffffff\u00bb header_font_size=\u00bb20px\u00bb header_line_height=\u00bb1.7em\u00bb image_icon_custom_padding=\u00bb8px|8px|8px|8px|false|false\u00bb border_radii_image=\u00bbon|100%|100%|100%|100%\u00bb icon_font_size=\u00bb16px\u00bb use_circle=\u00bbon\u00bb circle_color=\u00bb#ffffff\u00bb global_colors_info=\u00bb{}\u00bb image_icon_background_color__sticky_enabled=\u00bb#7EBEC5&#8243; image_icon_background_color__sticky=\u00bb#7EBEC5&#8243;][\/et_pb_blurb][\/et_pb_column][et_pb_column type=\u00bb1_3&#8243; _builder_version=\u00bb4.16&#8243; custom_padding=\u00bb|||\u00bb global_colors_info=\u00bb{}\u00bb custom_padding__hover=\u00bb|||\u00bb][et_pb_blurb title=\u00bbbiocalservicios@gmail.com\u00bb use_icon=\u00bbon\u00bb font_icon=\u00bb&#xe076;||divi||400&#8243; icon_color=\u00bb#2f8cff\u00bb image_icon_background_color=\u00bb#ffffff\u00bb icon_placement=\u00bbleft\u00bb image_icon_width=\u00bb16px\u00bb _builder_version=\u00bb4.25.0&#8243; header_font=\u00bbMontserrat||||||||\u00bb header_text_color=\u00bb#ffffff\u00bb header_font_size=\u00bb20px\u00bb header_line_height=\u00bb1.7em\u00bb image_icon_custom_padding=\u00bb8px|8px|8px|8px|false|false\u00bb border_radii_image=\u00bbon|100%|100%|100%|100%\u00bb icon_font_size=\u00bb16px\u00bb use_circle=\u00bbon\u00bb circle_color=\u00bb#ffffff\u00bb locked=\u00bboff\u00bb global_colors_info=\u00bb{}\u00bb image_icon_background_color__sticky_enabled=\u00bb#7EBEC5&#8243; image_icon_background_color__sticky=\u00bb#7EBEC5&#8243;][\/et_pb_blurb][\/et_pb_column][et_pb_column type=\u00bb1_3&#8243; _builder_version=\u00bb4.16&#8243; custom_padding=\u00bb|||\u00bb global_colors_info=\u00bb{}\u00bb custom_padding__hover=\u00bb|||\u00bb][et_pb_blurb title=\u00bbRiohacha, La Guajira\u00bb use_icon=\u00bbon\u00bb font_icon=\u00bb&#xe081;||divi||400&#8243; icon_color=\u00bb#2f8cff\u00bb image_icon_background_color=\u00bb#ffffff\u00bb icon_placement=\u00bbleft\u00bb image_icon_width=\u00bb16px\u00bb _builder_version=\u00bb4.25.0&#8243; header_font=\u00bbMontserrat||||||||\u00bb header_text_color=\u00bb#ffffff\u00bb header_font_size=\u00bb20px\u00bb header_line_height=\u00bb1.7em\u00bb image_icon_custom_padding=\u00bb8px|8px|8px|8px|false|false\u00bb text_orientation=\u00bbcenter\u00bb border_radii_image=\u00bbon|100%|100%|100%|100%\u00bb icon_font_size=\u00bb16px\u00bb use_circle=\u00bbon\u00bb circle_color=\u00bb#ffffff\u00bb locked=\u00bboff\u00bb global_colors_info=\u00bb{}\u00bb image_icon_background_color__sticky_enabled=\u00bb#7EBEC5&#8243; image_icon_background_color__sticky=\u00bb#7EBEC5&#8243;][\/et_pb_blurb][\/et_pb_column][\/et_pb_row][et_pb_row _builder_version=\u00bb4.20.4&#8243; _module_preset=\u00bbdefault\u00bb custom_padding=\u00bb44px||0px|||\u00bb global_colors_info=\u00bb{}\u00bb][et_pb_column type=\u00bb4_4&#8243; _builder_version=\u00bb4.20.4&#8243; _module_preset=\u00bbdefault\u00bb global_colors_info=\u00bb{}\u00bb][et_pb_text _builder_version=\u00bb4.25.0&#8243; _module_preset=\u00bbdefault\u00bb text_font=\u00bbMontserrat|600|||||||\u00bb text_text_color=\u00bb#FFFFFF\u00bb text_font_size=\u00bb11px\u00bb custom_margin=\u00bb-38px|||||\u00bb global_colors_info=\u00bb{}\u00bb]<\/p>\n<p style=\"text-align: center;\">\u00a9 2026 Todos los derechos reservados Bio-Cal S.A.S<\/p>\n<p>[\/et_pb_text][\/et_pb_column][\/et_pb_row][\/et_pb_section]<\/p>\n","protected":false},"excerpt":{"rendered":"<p>Calibraci\u00f3n Biom\u00e9dicaRIOHACHAREANIMACI\u00d3NCertificado de calibraci\u00f3nCertificado de calibraci\u00f3nCertificado de calibraci\u00f3nCertificado de calibraci\u00f3nCertificado de calibraci\u00f3nCertificado de calibraci\u00f3nCertificado de calibraci\u00f3nPSIQUIATR\u00cdACertificado de calibraci\u00f3nCertificado de calibraci\u00f3nCertificado de calibraci\u00f3nCertificado de calibraci\u00f3nFARMACIACertificado de calibraci\u00f3nBIO-CAL S.A.S Calibraci\u00f3n biom\u00e9dica e ingenier\u00eda\u00a9 2026 Todos los derechos reservados Bio-Cal S.A.S<\/p>\n","protected":false},"author":1,"featured_media":0,"parent":0,"menu_order":0,"comment_status":"closed","ping_status":"closed","template":"page-template-blank.php","meta":{"_et_pb_use_builder":"on","_et_pb_old_content":"","_et_gb_content_width":"","footnotes":""},"_links":{"self":[{"href":"https:\/\/gestionbiomedica.info\/index.php?rest_route=\/wp\/v2\/pages\/2454"}],"collection":[{"href":"https:\/\/gestionbiomedica.info\/index.php?rest_route=\/wp\/v2\/pages"}],"about":[{"href":"https:\/\/gestionbiomedica.info\/index.php?rest_route=\/wp\/v2\/types\/page"}],"author":[{"embeddable":true,"href":"https:\/\/gestionbiomedica.info\/index.php?rest_route=\/wp\/v2\/users\/1"}],"replies":[{"embeddable":true,"href":"https:\/\/gestionbiomedica.info\/index.php?rest_route=%2Fwp%2Fv2%2Fcomments&post=2454"}],"version-history":[{"count":6,"href":"https:\/\/gestionbiomedica.info\/index.php?rest_route=\/wp\/v2\/pages\/2454\/revisions"}],"predecessor-version":[{"id":2504,"href":"https:\/\/gestionbiomedica.info\/index.php?rest_route=\/wp\/v2\/pages\/2454\/revisions\/2504"}],"wp:attachment":[{"href":"https:\/\/gestionbiomedica.info\/index.php?rest_route=%2Fwp%2Fv2%2Fmedia&parent=2454"}],"curies":[{"name":"wp","href":"https:\/\/api.w.org\/{rel}","templated":true}]}}